{"id":987,"date":"2022-03-01T14:12:16","date_gmt":"2022-03-01T14:12:16","guid":{"rendered":"https:\/\/vii-hkk-2022.hgd1952.hr\/?page_id=987"},"modified":"2022-03-07T14:26:03","modified_gmt":"2022-03-07T14:26:03","slug":"program-kongresa-ostale-sesije-2","status":"publish","type":"page","link":"https:\/\/vii-hkk-2022.hgd1952.hr\/index.php\/program-kongresa-ostale-sesije-2\/","title":{"rendered":"Sponzori"},"content":{"rendered":"<div style=\"height:81px\" aria-hidden=\"true\" class=\"wp-block-spacer\"><\/div><h2 class=\"has-text-align-center\"><strong>GENERALNI SPONZOR<\/strong><\/h2><div style=\"height:81px\" aria-hidden=\"true\" class=\"wp-block-spacer\"><\/div><div class=\"wp-block-image\"><figure class=\"aligncenter size-large\"><a href=\"https:\/\/geomatika-smolcak.hr\/\"><img loading=\"lazy\" width=\"1024\" height=\"185\" src=\"https:\/\/vii-hkk-2022.hgd1952.hr\/wp-content\/uploads\/2022\/03\/Geomatika_Smolcak_logotip_600dpi_03122017-1024x185.png\" alt=\"\" class=\"wp-image-995\" srcset=\"https:\/\/vii-hkk-2022.hgd1952.hr\/wp-content\/uploads\/2022\/03\/Geomatika_Smolcak_logotip_600dpi_03122017-1024x185.png 1024w, https:\/\/vii-hkk-2022.hgd1952.hr\/wp-content\/uploads\/2022\/03\/Geomatika_Smolcak_logotip_600dpi_03122017-300x54.png 300w, https:\/\/vii-hkk-2022.hgd1952.hr\/wp-content\/uploads\/2022\/03\/Geomatika_Smolcak_logotip_600dpi_03122017-768x139.png 768w, https:\/\/vii-hkk-2022.hgd1952.hr\/wp-content\/uploads\/2022\/03\/Geomatika_Smolcak_logotip_600dpi_03122017.png 1445w\" sizes=\"(max-width: 1024px) 100vw, 1024px\" \/><\/a><\/figure><\/div><h3 class=\"has-text-align-center\"><strong><a href=\"https:\/\/geomatika-smolcak.hr\/\">Profesionalni geodetski instrumenti i napredna tehnolo\u0161ka rje\u0161enja za geodeziju. Ovla\u0161teni Trimble i senseFly zastupnik.<\/a><\/strong><\/h3><div style=\"height:81px\" aria-hidden=\"true\" class=\"wp-block-spacer\"><\/div><h3 class=\"has-text-align-center\">ZLATNI SPONZORI<\/h3><div style=\"height:81px\" aria-hidden=\"true\" class=\"wp-block-spacer\"><\/div><figure class=\"wp-block-image size-medium is-resized\"><a href=\"https:\/\/www.geowild.hr\/\"><img src=\"https:\/\/vii-hkk-2022.hgd1952.hr\/wp-content\/uploads\/2022\/03\/LOGO-GEOWILD-1-300x58.png\" alt=\"\" class=\"wp-image-1000\" width=\"200\" srcset=\"https:\/\/vii-hkk-2022.hgd1952.hr\/wp-content\/uploads\/2022\/03\/LOGO-GEOWILD-1-300x58.png 300w, https:\/\/vii-hkk-2022.hgd1952.hr\/wp-content\/uploads\/2022\/03\/LOGO-GEOWILD-1-1024x199.png 1024w, https:\/\/vii-hkk-2022.hgd1952.hr\/wp-content\/uploads\/2022\/03\/LOGO-GEOWILD-1-768x149.png 768w, https:\/\/vii-hkk-2022.hgd1952.hr\/wp-content\/uploads\/2022\/03\/LOGO-GEOWILD-1-1536x298.png 1536w, https:\/\/vii-hkk-2022.hgd1952.hr\/wp-content\/uploads\/2022\/03\/LOGO-GEOWILD-1-2048x398.png 2048w\" sizes=\"(max-width: 300px) 100vw, 300px\" \/><\/a><\/figure><p>Generalni uvoznik Leica geosystems za Hrvatsku. Ovla\u0161eni certificirani Leica servis.<\/p><div style=\"height:81px\" aria-hidden=\"true\" class=\"wp-block-spacer\"><\/div><figure class=\"wp-block-image size-full\"><a href=\"https:\/\/geocentar.com\/\"><img loading=\"lazy\" width=\"200\" height=\"36\" src=\"https:\/\/vii-hkk-2022.hgd1952.hr\/wp-content\/uploads\/2022\/03\/geocentar_logo_black.png\" alt=\"\" class=\"wp-image-1002\"\/><\/a><\/figure><p>Zastupanje i prodaja geodetske i gra\u0111evinske opreme i pribora.<\/p><div style=\"height:81px\" aria-hidden=\"true\" class=\"wp-block-spacer\"><\/div><figure class=\"wp-block-image size-medium is-resized\"><a href=\"https:\/\/3dsurvey.si\/\"><img loading=\"lazy\" src=\"https:\/\/vii-hkk-2022.hgd1952.hr\/wp-content\/uploads\/2022\/03\/3Dsurvey-LOGO-12-2-300x93.jpg\" alt=\"\" class=\"wp-image-1011\" width=\"300\" height=\"93\" srcset=\"https:\/\/vii-hkk-2022.hgd1952.hr\/wp-content\/uploads\/2022\/03\/3Dsurvey-LOGO-12-2-300x93.jpg 300w, https:\/\/vii-hkk-2022.hgd1952.hr\/wp-content\/uploads\/2022\/03\/3Dsurvey-LOGO-12-2-1024x316.jpg 1024w, https:\/\/vii-hkk-2022.hgd1952.hr\/wp-content\/uploads\/2022\/03\/3Dsurvey-LOGO-12-2-768x237.jpg 768w, https:\/\/vii-hkk-2022.hgd1952.hr\/wp-content\/uploads\/2022\/03\/3Dsurvey-LOGO-12-2.jpg 1280w\" sizes=\"(max-width: 300px) 100vw, 300px\" \/><\/a><\/figure><p> Leading, international provider of geospatial software. Giving you control and saving you time. <\/p><div style=\"height:81px\" aria-hidden=\"true\" class=\"wp-block-spacer\"><\/div><h3 class=\"has-text-align-center\">SREBRNI SPONZOR<\/h3><div style=\"height:69px\" aria-hidden=\"true\" class=\"wp-block-spacer\"><\/div><figure class=\"wp-block-image size-medium is-resized\"><a href=\"http:\/\/www.arcgeo.hr\/\"><img loading=\"lazy\" src=\"https:\/\/vii-hkk-2022.hgd1952.hr\/wp-content\/uploads\/2022\/02\/ArcGeo_2-300x296.png\" alt=\"\" class=\"wp-image-932\" width=\"150\" height=\"148\" srcset=\"https:\/\/vii-hkk-2022.hgd1952.hr\/wp-content\/uploads\/2022\/02\/ArcGeo_2-300x296.png 300w, https:\/\/vii-hkk-2022.hgd1952.hr\/wp-content\/uploads\/2022\/02\/ArcGeo_2.png 580w\" sizes=\"(max-width: 150px) 100vw, 150px\" \/><\/a><\/figure><p>Ovla\u0161teni distributer programskih rje\u0161enja i geodetske opreme.<\/p><h3 class=\"has-text-align-center\">BRON\u010cANI SPONZOR<\/h3><figure class=\"wp-block-image size-large is-resized\"><a href=\"http:\/\/stonex.hr\/\" target=\"_blank\" rel=\"noopener\"><img loading=\"lazy\" src=\"https:\/\/vii-hkk-2022.hgd1952.hr\/wp-content\/uploads\/2022\/03\/Geosustavi2022.jpg\" alt=\"\" width=\"244\" height=\"71\"\/><\/a><\/figure><p>Ovla\u0161teni zastupnik, distributer i serviser geodetskih instrumenata STONEX S.r.l. za Hrvatsku, Sloveniju i Bosnu i Hercegovinu.<\/p><figure class=\"wp-block-image size-medium is-resized\"><img loading=\"lazy\" src=\"https:\/\/vii-hkk-2022.hgd1952.hr\/wp-content\/uploads\/2022\/03\/g4526-300x131.png\" alt=\"\" class=\"wp-image-1064\" width=\"225\" height=\"98\" srcset=\"https:\/\/vii-hkk-2022.hgd1952.hr\/wp-content\/uploads\/2022\/03\/g4526-300x131.png 300w, https:\/\/vii-hkk-2022.hgd1952.hr\/wp-content\/uploads\/2022\/03\/g4526-1024x447.png 1024w, https:\/\/vii-hkk-2022.hgd1952.hr\/wp-content\/uploads\/2022\/03\/g4526-768x335.png 768w, https:\/\/vii-hkk-2022.hgd1952.hr\/wp-content\/uploads\/2022\/03\/g4526-1536x670.png 1536w, https:\/\/vii-hkk-2022.hgd1952.hr\/wp-content\/uploads\/2022\/03\/g4526-2048x893.png 2048w\" sizes=\"(max-width: 225px) 100vw, 225px\" \/><\/figure><p>Tehnomehanik\u00a0je ekskluzivni distributer geodetskih instrumenata i opreme renomiranog svjetskog proizvo\u0111a\u010da Kolida Instrument.<\/p>","protected":false},"excerpt":{"rendered":"<p>GENERALNI SPONZOR Profesionalni geodetski instrumenti i napredna tehnolo\u0161ka rje\u0161enja za geodeziju. Ovla\u0161teni Trimble i senseFly zastupnik. ZLATNI SPONZORI Generalni uvoznik Leica geosystems za Hrvatsku. Ovla\u0161eni certificirani Leica servis. Zastupanje i prodaja geodetske i gra\u0111evinske opreme i pribora. Leading, international provider of geospatial software. Giving you control and saving you time. SREBRNI SPONZOR Ovla\u0161teni distributer programskih&hellip;&nbsp;<a href=\"https:\/\/vii-hkk-2022.hgd1952.hr\/index.php\/program-kongresa-ostale-sesije-2\/\" class=\"\" rel=\"bookmark\">Read More &raquo;<span class=\"screen-reader-text\">Sponzori<\/span><\/a><\/p>\n","protected":false},"author":2,"featured_media":0,"parent":0,"menu_order":0,"comment_status":"closed","ping_status":"closed","template":"","meta":{"neve_meta_sidebar":"","neve_meta_container":"contained","neve_meta_enable_content_width":"off","neve_meta_content_width":70,"neve_meta_title_alignment":"left","neve_meta_author_avatar":"","neve_post_elements_order":"","neve_meta_disable_header":"","neve_meta_disable_footer":"on","neve_meta_disable_title":"","_ti_tpc_template_sync":false,"_ti_tpc_template_id":""},"_links":{"self":[{"href":"https:\/\/vii-hkk-2022.hgd1952.hr\/index.php\/wp-json\/wp\/v2\/pages\/987"}],"collection":[{"href":"https:\/\/vii-hkk-2022.hgd1952.hr\/index.php\/wp-json\/wp\/v2\/pages"}],"about":[{"href":"https:\/\/vii-hkk-2022.hgd1952.hr\/index.php\/wp-json\/wp\/v2\/types\/page"}],"author":[{"embeddable":true,"href":"https:\/\/vii-hkk-2022.hgd1952.hr\/index.php\/wp-json\/wp\/v2\/users\/2"}],"replies":[{"embeddable":true,"href":"https:\/\/vii-hkk-2022.hgd1952.hr\/index.php\/wp-json\/wp\/v2\/comments?post=987"}],"version-history":[{"count":17,"href":"https:\/\/vii-hkk-2022.hgd1952.hr\/index.php\/wp-json\/wp\/v2\/pages\/987\/revisions"}],"predecessor-version":[{"id":1067,"href":"https:\/\/vii-hkk-2022.hgd1952.hr\/index.php\/wp-json\/wp\/v2\/pages\/987\/revisions\/1067"}],"wp:attachment":[{"href":"https:\/\/vii-hkk-2022.hgd1952.hr\/index.php\/wp-json\/wp\/v2\/media?parent=987"}],"curies":[{"name":"wp","href":"https:\/\/api.w.org\/{rel}","templated":true}]}}