{"id":960,"date":"2022-03-01T06:57:35","date_gmt":"2022-03-01T06:57:35","guid":{"rendered":"https:\/\/vii-hkk-2022.hgd1952.hr\/?page_id=960"},"modified":"2022-03-03T11:37:10","modified_gmt":"2022-03-03T11:37:10","slug":"program-kongresa-2","status":"publish","type":"page","link":"https:\/\/vii-hkk-2022.hgd1952.hr\/index.php\/program-kongresa-2\/","title":{"rendered":"Program 10. FIG LADM radionice"},"content":{"rendered":"<div style=\"height:46px\" aria-hidden=\"true\" id=\"LADM-1\" class=\"wp-block-spacer\"><\/div><h3><span class=\"has-inline-color has-neve-link-color-color\"><strong>SESSION 1. Awareness, dissemination and visualization<\/strong><\/span><\/h3><figure class=\"wp-block-table is-style-stripes\"><table><tbody><tr><td><em>Josip Kri\u017eanovi\u0107, Miodrag Roi\u0107 and Doris Pivac<\/em><\/td><td><strong>Land Administration Data Dissemination Processes: A Case Study in Croatia<\/strong><\/td><\/tr><tr><td><em>Faraliyana Mohd Hanafi, Muhammad Imzan Hassan, Hanis Rashidan and Alias Abdul Rahman<\/em><\/td><td><strong>Web Visualization of 3D Strata Objects based on&nbsp;CityJSON&nbsp;and LADM<\/strong><\/td><\/tr><tr><td><em>Dave Stow, Michael Hill, Anthony Beck, Laura Alderson, Duncan Moss and Magdalena Low<\/em><\/td><td><strong>Evolving registration &#8211; how do established Registrars embrace change<\/strong><\/td><\/tr><\/tbody><\/table><\/figure><div style=\"height:46px\" aria-hidden=\"true\" id=\"LADM-2\" class=\"wp-block-spacer\"><\/div><h3 id=\"VIIHKK2022-sesija-5\"><span class=\"has-inline-color has-neve-link-color-color\"><strong>SESSION 2. Surveying and land administration<\/strong><\/span><\/h3><figure class=\"wp-block-table is-style-stripes\"><table><tbody><tr><td> <em><em><em><em>Dubravka Sladi\u0107, Aleksandra Radulovi\u0107, Du\u0161an Jovanovi\u0107, Igor Ruskovski, Milan Gavrilovi\u0107, Milka \u0160arkanovi\u0107-Bugarinovi\u0107 and Miro Govedarica<\/em><\/em><\/em><\/em><\/td><td><strong><strong>Revising Surveying and Representation Package of LADM Profile for Serbia to Support 3D Spatial Information<\/strong><\/strong><\/td><\/tr><tr><td><em><em>Eftychia Kalogianni, Hans-Christoph Gruler, Amir Bar Maor, Bruce Harold, Tim Lemmon, Christiaan Lemmen and Peter van Oosterom<\/em><\/em><\/td><td><strong>Investigating the requirements for the ISO 19152 LADM survey encodings<\/strong><\/td><\/tr><tr><td><em><em>Nikola Vu\u010di\u0107, Sa\u0161a Vrani\u0107, Miodrag Roi\u0107 and Hrvoje Matijevi\u0107<\/em><\/em><\/td><td><strong>Revision of Croatian LADM profile according to the new regulations in surveying profession<\/strong><\/td><\/tr><\/tbody><\/table><\/figure><div style=\"height:46px\" aria-hidden=\"true\" id=\"LADM-3\" class=\"wp-block-spacer\"><\/div><h3><span class=\"has-inline-color has-neve-link-color-color\"><strong>SESSION 3: Valuation information<\/strong><\/span><\/h3><figure class=\"wp-block-table is-style-stripes\"><table><tbody><tr><td><em><em><em>Aleksandra Radulovi\u0107, Dubravka Sladi\u0107 and Miro Govedarica<\/em><\/em><\/em><\/td><td><strong><strong>Extended LADM country profile for property valuation in Serbia<\/strong><\/strong><\/td><\/tr><tr><td><em><em><em>Abdullah Kara, Peter van Oosterom, Ruud Kathmann, Azer Ilgar and Christiaan Lemmen<\/em><\/em><\/em><\/td><td><strong>LADM Valuation Information Model Compliant Prototype for Visualisation and Dissemination of 3D Valuation Units and Groups<\/strong><\/td><\/tr><tr><td><em><em><em><em><em>Josip \u0160i\u0161ko, Hrvoje Tomi\u0107, Sanja Ga\u0161parovi\u0107 and Darko \u0160i\u0161ko<\/em><\/em><\/em><\/em><\/em><\/td><td><strong><strong>The use of Mass Property Valuation in Spatial Planning: An LADM Approach<\/strong><\/strong><\/td><\/tr><\/tbody><\/table><\/figure><div style=\"height:46px\" aria-hidden=\"true\" id=\"LADM-4\" class=\"wp-block-spacer\"><\/div><h3><span class=\"has-inline-color has-neve-link-color-color\"><strong>SESSION 4: Utility and underground land administration<\/strong><\/span><\/h3><figure id=\"VIIHKK2022-sesija-7\" class=\"wp-block-table is-style-stripes\"><table><tbody><tr><td><em><em><em><em>Bahram Saeidian, Abbas Rajabifard, Behnam Atazadeh and Mohsen Kalantari<\/em><\/em><\/em><\/em><\/td><td><strong><strong>Development of an LADM-based conceptual data model for 3D underground land administration in Victoria<\/strong><\/strong><\/td><\/tr><tr><td><em><em><em><em>Grgo D\u017eelalija and Miodrag Roi\u0107<\/em><\/em><\/em><\/em><\/td><td><strong>Toward a Croatian utility registration implementation model based on LADM<\/strong><\/td><\/tr><tr><td><em>Amir Bar-Maor<\/em><\/td><td><strong><strong>&nbsp;Mapping&nbsp;ArcGIS&nbsp;Parcel Fabric to LADM &#8211; Commonalities, Gaps and Implementation<\/strong><\/strong><\/td><\/tr><\/tbody><\/table><\/figure><div style=\"height:46px\" aria-hidden=\"true\" id=\"LADM-5\" class=\"wp-block-spacer\"><\/div><h3><span class=\"has-inline-color has-neve-link-color-color\"><strong><strong>SESSION 5: LADM and buildings<\/strong><\/strong><\/span><\/h3><figure id=\"VIIHKK2022-sesija-7\" class=\"wp-block-table is-style-stripes\"><table><tbody><tr><td><em><em><em><em>Behnam Atazadeh, Hamed Olfat, Abbas Rajabifard, and Bahram Saeidian<\/em><\/em><\/em><\/em><\/td><td><strong><strong>&nbsp;Evaluation of the International 3D Geospatial Data Models and IFC Standard for Implementing an LADM-based 3D Digital Cadastre<\/strong><\/strong><\/td><\/tr><tr><td><em><em><em><em>Hicret G\u00fcrsoy S\u00fcrmeneli, Mehmet Alkan and Mila Koeva<\/em><\/em><\/em><\/em><\/td><td><strong>Towards Investigation of Integrating LADM, BIM, and&nbsp;CityGML&nbsp;of 3D Condominium Rights for Cadastral Purposes: The Case of Turkish Cadastral System<\/strong><\/td><\/tr><tr><td><em>Anthony Beck and Duncan Moss<\/em><\/td><td><strong><strong>LADM patterns to support the efficient modelling of Cooperative (Community and Strata) Titles for Land Registers<\/strong><\/strong><\/td><\/tr><\/tbody><\/table><\/figure><div style=\"height:46px\" aria-hidden=\"true\" id=\"LADM-6\" class=\"wp-block-spacer\"><\/div><h3><span class=\"has-inline-color has-neve-link-color-color\"><strong><strong>SESSION 6: Legal aspects<\/strong><\/strong><\/span><\/h3><figure id=\"VIIHKK2022-sesija-7\" class=\"wp-block-table is-style-stripes\"><table><tbody><tr><td><em><em><em><em>Anthony Beck<\/em><\/em><\/em><\/em><\/td><td><strong><strong>Developing a Hohfeldian theory of Real Rights to support LADM modelling<\/strong><\/strong><\/td><\/tr><tr><td><em><em><em><em>Eftychia Kalogianni, Abdullah Kara, Anthony Beck, Jesper M. Paasch, Jaap Zevenbergen, Efi Dimopoulou, Dimitrios Kitsakis, Peter van Oosterom and Christiaan Lemmen<\/em><\/em><\/em><\/em><\/td><td><strong>Refining legal Land Administration-related aspects in LADM<\/strong><\/td><\/tr><tr><td><em>Anthony Beck and Duncan Moss<\/em><\/td><td><strong><strong>The effect of indefeasibility and error correction on the registration process<\/strong><\/strong><\/td><\/tr><\/tbody><\/table><\/figure><div style=\"height:46px\" aria-hidden=\"true\" id=\"LADM-7\" class=\"wp-block-spacer\"><\/div><h3><span class=\"has-inline-color has-neve-link-color-color\"><strong><strong>SESSION 7: Implementation and innovation<\/strong><\/strong><\/span><\/h3><figure id=\"VIIHKK2022-sesija-7\" class=\"wp-block-table is-style-stripes\"><table><tbody><tr><td><em><em><em><em>Sa\u0161a Vrani\u0107, Hrvoje Matijevi\u0107, Miodrag Roi\u0107 and Vlado Cetl<\/em><\/em><\/em><\/em><\/td><td><strong><strong>Increasing FAIRness by sustainable modelling of interactions of parties with land administration systems<\/strong><\/strong><\/td><\/tr><tr><td><em><em><em><em>Anthony Beck<\/em><\/em><\/em><\/em><\/td><td><strong>The use of LADM primitives and structured indexing to support automated registration using submitted applications<\/strong><\/td><\/tr><tr><td><em>Abdullah Kara, Alexandra Rowland, Peter van Oosterom, Erik Stubkj\u00e6r, Volkan \u00c7a\u011fda\u015f, Erwin Folmer, Christiaan Lemmen, Wilko Quak and Laura Meggiolaro<\/em><\/td><td><strong><strong>Formalisation of code lists and their values \u2013 The case of ISO 19152 Land Administration Domain Model<\/strong><\/strong><\/td><\/tr><\/tbody><\/table><\/figure><p><\/p>","protected":false},"excerpt":{"rendered":"<p>SESSION 1. Awareness, dissemination and visualization Josip Kri\u017eanovi\u0107, Miodrag Roi\u0107 and Doris Pivac Land Administration Data Dissemination Processes: A Case Study in Croatia Faraliyana Mohd Hanafi, Muhammad Imzan Hassan, Hanis Rashidan and Alias Abdul Rahman Web Visualization of 3D Strata Objects based on&nbsp;CityJSON&nbsp;and LADM Dave Stow, Michael Hill, Anthony Beck, Laura Alderson, Duncan Moss and&hellip;&nbsp;<a href=\"https:\/\/vii-hkk-2022.hgd1952.hr\/index.php\/program-kongresa-2\/\" class=\"\" rel=\"bookmark\">Read More &raquo;<span class=\"screen-reader-text\">Program 10. FIG LADM radionice<\/span><\/a><\/p>\n","protected":false},"author":2,"featured_media":0,"parent":0,"menu_order":0,"comment_status":"closed","ping_status":"closed","template":"","meta":{"neve_meta_sidebar":"","neve_meta_container":"","neve_meta_enable_content_width":"","neve_meta_content_width":0,"neve_meta_title_alignment":"","neve_meta_author_avatar":"","neve_post_elements_order":"","neve_meta_disable_header":"","neve_meta_disable_footer":"","neve_meta_disable_title":"","_ti_tpc_template_sync":false,"_ti_tpc_template_id":""},"_links":{"self":[{"href":"https:\/\/vii-hkk-2022.hgd1952.hr\/index.php\/wp-json\/wp\/v2\/pages\/960"}],"collection":[{"href":"https:\/\/vii-hkk-2022.hgd1952.hr\/index.php\/wp-json\/wp\/v2\/pages"}],"about":[{"href":"https:\/\/vii-hkk-2022.hgd1952.hr\/index.php\/wp-json\/wp\/v2\/types\/page"}],"author":[{"embeddable":true,"href":"https:\/\/vii-hkk-2022.hgd1952.hr\/index.php\/wp-json\/wp\/v2\/users\/2"}],"replies":[{"embeddable":true,"href":"https:\/\/vii-hkk-2022.hgd1952.hr\/index.php\/wp-json\/wp\/v2\/comments?post=960"}],"version-history":[{"count":3,"href":"https:\/\/vii-hkk-2022.hgd1952.hr\/index.php\/wp-json\/wp\/v2\/pages\/960\/revisions"}],"predecessor-version":[{"id":1043,"href":"https:\/\/vii-hkk-2022.hgd1952.hr\/index.php\/wp-json\/wp\/v2\/pages\/960\/revisions\/1043"}],"wp:attachment":[{"href":"https:\/\/vii-hkk-2022.hgd1952.hr\/index.php\/wp-json\/wp\/v2\/media?parent=960"}],"curies":[{"name":"wp","href":"https:\/\/api.w.org\/{rel}","templated":true}]}}