{"id":864,"date":"2022-02-04T22:43:19","date_gmt":"2022-02-04T22:43:19","guid":{"rendered":"https:\/\/vii-hkk-2022.hgd1952.hr\/?page_id=864"},"modified":"2022-03-04T17:20:43","modified_gmt":"2022-03-04T17:20:43","slug":"program-kongresa","status":"publish","type":"page","link":"https:\/\/vii-hkk-2022.hgd1952.hr\/index.php\/program-kongresa\/","title":{"rendered":"Program kongresa"},"content":{"rendered":"<div style=\"height:46px\" aria-hidden=\"true\" id=\"VIIHKK2022-sesija-2\" class=\"wp-block-spacer\"><\/div><h3><span class=\"has-inline-color has-neve-link-color-color\">SESIJA 2. Reforme katastra i povijest<\/span><\/h3><p><em>(voditeljica: Anka Lisec, zamjenik: Hrvoje Tomi\u0107)<\/em><\/p><figure class=\"wp-block-table is-style-stripes\"><table><tbody><tr><td><em>Rinaldo Paar, Miodrag Roi\u0107 i Zdravko Kapovi\u0107<\/em><\/td><td><strong>25 godina od prvoga hrvatskoga kongresa o katastru &#8211; \u0161to se promijenilo?<\/strong><\/td><\/tr><tr><td><em>Jelena Unger i Mirjana Zovko<\/em><\/td><td><strong>Pobolj\u0161anje katastarskih podataka<\/strong><\/td><\/tr><tr><td><em>Dominik Dujni\u0107 i Mirjana Zovko<\/em><\/td><td><strong>Katastarski plan \u2013 nekad i danas<\/strong><\/td><\/tr><tr><td><em>Eleonora Stefanovska, Zoran\u010do Mukanov i Tatjana Cenova Mitrevska<\/em><\/td><td><strong>Moderan Katastar nekretnina u Republici Sjevernoj Makedoniji &#8211; kratka povijest i razvoj<\/strong><\/td><\/tr><tr><td><em>Ratko Medan, Baldo Stan\u010di\u0107, Kre\u0161imir Babi\u0107 i Tomislav Debeljak<\/em><\/td><td><strong>Geodetska \u0161kola u izobrazbi stru\u010dnjaka za rad u sustavima upravljanja zemlji\u0161tem<\/strong><\/td><\/tr><\/tbody><\/table><\/figure><div style=\"height:46px\" aria-hidden=\"true\" id=\"VIIHKK2022-sesija-5\" class=\"wp-block-spacer\"><\/div><h3 id=\"VIIHKK2022-sesija-5\"><span class=\"has-inline-color has-neve-link-color-color\">SESIJA 5. Izmjere i obrada podataka<\/span><\/h3><p><em>(voditelj: Bo\u0161ko Pribi\u010devi\u0107, zamjenik: Mario Ma\u0111er)<\/em><\/p><figure class=\"wp-block-table is-style-stripes\"><table><tbody><tr><td> <em><em><em><em>Ivan Lesko i Franjo Lesko<\/em><\/em><\/em><\/em> <\/td><td><strong><strong>Nastavak poslova na uspostavi katastra nekretnina u u Federaciji BiH<\/strong>&nbsp;<\/strong> <\/td><\/tr><tr><td><em><em>Doris Pivac, Miodrag Roi\u0107 i Josip Kri\u017eanovi\u0107<\/em><\/em><\/td><td> <strong>Projekti katastarskih reizmjera u Hrvatskoj 2018. &#8211; 2020.&nbsp;<\/strong> <\/td><\/tr><tr><td><em><em>Hrvoje Tomi\u0107, Sini\u0161a Masteli\u0107-Ivi\u0107, Miodrag Roi\u0107, Rinaldo Paar i Josip \u0160i\u0161ko<\/em><\/em><\/td><td><strong>Odr\u017eavanje podataka katastra izmjerom fotogrametrijskom &#8220;Structure-from-Motion&#8221; metodom?<\/strong><\/td><\/tr><tr><td><em><em>Rinaldo Paar, Hrvoje Serti\u0107, Fabijan Ravli\u0107 i Hrvoje Tomi\u0107<\/em><\/em><\/td><td><strong>Determining the influence of flight height and UA sensors on the achieved quality of the obtained DOF plan for cadastral survey purposes<\/strong><\/td><\/tr><tr><td><em><em>Karlo Kevi\u0107 i Miodrag Roi\u0107<\/em><\/em><\/td><td><strong>Podaci slu\u017ebenih upisnika potrebni za gospodarenje sveu\u010dili\u0161nim prostornim resursima&nbsp;<\/strong><\/td><\/tr><\/tbody><\/table><\/figure><div style=\"height:46px\" aria-hidden=\"true\" id=\"VIIHKK2022-sesija-6\" class=\"wp-block-spacer\"><\/div><h3><span class=\"has-inline-color has-neve-link-color-color\">SESIJA 6. Katastar infrastrukture \/ 3D katastar<\/span><\/h3><p><em>(voditelj: Vlado Cetl, zamjenik: Sa\u0161a Vrani\u0107)<\/em><\/p><figure class=\"wp-block-table is-style-stripes\"><table><tbody><tr><td><em><em><em>Nikola Vu\u010di\u0107 i Damir \u0160antek<\/em><\/em><\/em><\/td><td><strong><strong>Katastar infrastrukture kao podr\u0161ka 5G mre\u017eama<\/strong><\/strong><\/td><\/tr><tr><td><em><em><em>Boris Blagoni\u0107, Vlado Cetl, Danko Markovinovi\u0107 i Josip Lisjak<\/em><\/em><\/em><\/td><td><strong>Pristup odr\u017eivom upravljanju i razvoju evidencija komunalne infrastrukture&nbsp;<\/strong><\/td><\/tr><tr><td><em><em><em>Slavko Vukadinovi\u0107, Franjo Ambro\u0161 i Perica Mihaljevi\u0107<\/em><\/em><\/em><\/td><td><strong>Eta\u017ena parcelacija (E parcelacija)&nbsp;<\/strong><\/td><\/tr><tr><td><em><em><em>Karlo \u0106osi\u0107, Viktor Mihokovi\u0107 i Luka Zalovi\u0107<\/em><\/em><\/em><\/td><td><strong>Prikupljanje podataka o zgradama i drugim gra\u0111evinama GeoSLAM ru\u010dnim laserskim skenerom u svrhu katastarske izmjere<\/strong><\/td><\/tr><tr><td><em><em><em><em><em>Stjepan Mileti\u0107, Filip Paveli\u0107 i Matija Furman<\/em><\/em> <\/em><\/em><\/em><\/td><td><strong> <strong>Provo\u0111enje katastarskih izmjera u podru\u010djima posebnih pravnih re\u017eima&nbsp;<\/strong><\/strong><\/td><\/tr><\/tbody><\/table><\/figure><div style=\"height:46px\" aria-hidden=\"true\" id=\"VIIHKK2022-sesija-7\" class=\"wp-block-spacer\"><\/div><h3><span class=\"has-inline-color has-neve-link-color-color\">SESIJA 7. Upravljanje zemlji\u0161tem<\/span><\/h3><p><em>(voditelj: Sini\u0161a Masteli\u0107-Ivi\u0107, zamjenik: Boris Blagoni\u0107)<\/em><\/p><figure id=\"VIIHKK2022-sesija-7\" class=\"wp-block-table is-style-stripes\"><table><tbody><tr><td><em><em><em><em>Josip \u0160imi\u0107, Marinko Po\u017eega, Ilija \u0106a\u0107i\u0107 i Jelena Juri\u0161i\u0107<\/em><\/em><\/em><\/em><\/td><td><strong><strong>Upravljanje zemlji\u0161nim podacima Zajedni\u010dkim informacijskim sustavom zemlji\u0161nih knjiga i katastra<\/strong>&nbsp;<\/strong><\/td><\/tr><tr><td><em><em><em><em>Vesna \u0160kare O\u017ebolt<\/em><\/em><\/em><\/em><\/td><td><strong>Hrvatske zemlji\u0161ne knjige i standardi EU&nbsp;<\/strong><\/td><\/tr><tr><td><em><em><em><em>Tatjana Cenova Mitrevska, Zoran\u010do Mukanov i Eleonora Stefanovska<\/em><\/em><\/em><\/em><\/td><td><strong>Development of the Property Market in the Republic of North Macedonia &#8211; the Role of the Agency for Real Estate Cadastre<\/strong><\/td><\/tr><tr><td><em><em><em><em>Marina Pe\u0161un, Ksenija Pe\u0161un i Josip Mik\u0161ik<\/em><\/em><\/em><\/em><\/td><td><strong>Pogled na katastar o\u010dima aktivnih sudionika promjena&nbsp;<\/strong><\/td><\/tr><tr><td><em>Stjepan Mileti\u0107 i Monika Fri\u0161\u010di\u0107<\/em><\/td><td><strong><strong>Analiza stanja liderstva u Dr\u017eavnoj geodetskoj upravi i Katastru grada Zagreba<\/strong><\/strong><\/td><\/tr><\/tbody><\/table><\/figure>","protected":false},"excerpt":{"rendered":"<p>SESIJA 2. Reforme katastra i povijest (voditeljica: Anka Lisec, zamjenik: Hrvoje Tomi\u0107) Rinaldo Paar, Miodrag Roi\u0107 i Zdravko Kapovi\u0107 25 godina od prvoga hrvatskoga kongresa o katastru &#8211; \u0161to se promijenilo? Jelena Unger i Mirjana Zovko Pobolj\u0161anje katastarskih podataka Dominik Dujni\u0107 i Mirjana Zovko Katastarski plan \u2013 nekad i danas Eleonora Stefanovska, Zoran\u010do Mukanov i&hellip;&nbsp;<a href=\"https:\/\/vii-hkk-2022.hgd1952.hr\/index.php\/program-kongresa\/\" class=\"\" rel=\"bookmark\">Read More &raquo;<span class=\"screen-reader-text\">Program kongresa<\/span><\/a><\/p>\n","protected":false},"author":2,"featured_media":0,"parent":0,"menu_order":0,"comment_status":"closed","ping_status":"closed","template":"","meta":{"neve_meta_sidebar":"default","neve_meta_container":"default","neve_meta_enable_content_width":"","neve_meta_content_width":0,"neve_meta_title_alignment":"left","neve_meta_author_avatar":"","neve_post_elements_order":"","neve_meta_disable_header":"","neve_meta_disable_footer":"","neve_meta_disable_title":"off","_ti_tpc_template_sync":false,"_ti_tpc_template_id":""},"_links":{"self":[{"href":"https:\/\/vii-hkk-2022.hgd1952.hr\/index.php\/wp-json\/wp\/v2\/pages\/864"}],"collection":[{"href":"https:\/\/vii-hkk-2022.hgd1952.hr\/index.php\/wp-json\/wp\/v2\/pages"}],"about":[{"href":"https:\/\/vii-hkk-2022.hgd1952.hr\/index.php\/wp-json\/wp\/v2\/types\/page"}],"author":[{"embeddable":true,"href":"https:\/\/vii-hkk-2022.hgd1952.hr\/index.php\/wp-json\/wp\/v2\/users\/2"}],"replies":[{"embeddable":true,"href":"https:\/\/vii-hkk-2022.hgd1952.hr\/index.php\/wp-json\/wp\/v2\/comments?post=864"}],"version-history":[{"count":30,"href":"https:\/\/vii-hkk-2022.hgd1952.hr\/index.php\/wp-json\/wp\/v2\/pages\/864\/revisions"}],"predecessor-version":[{"id":1062,"href":"https:\/\/vii-hkk-2022.hgd1952.hr\/index.php\/wp-json\/wp\/v2\/pages\/864\/revisions\/1062"}],"wp:attachment":[{"href":"https:\/\/vii-hkk-2022.hgd1952.hr\/index.php\/wp-json\/wp\/v2\/media?parent=864"}],"curies":[{"name":"wp","href":"https:\/\/api.w.org\/{rel}","templated":true}]}}