{"id":129,"date":"2020-02-14T10:59:11","date_gmt":"2020-02-14T10:59:11","guid":{"rendered":"https:\/\/demosites.io\/fitness-gb\/?page_id=129"},"modified":"2022-03-23T10:32:37","modified_gmt":"2022-03-23T10:32:37","slug":"a5213-home","status":"publish","type":"page","link":"https:\/\/vii-hkk-2022.hgd1952.hr\/","title":{"rendered":"Po\u010detna"},"content":{"rendered":"<div class=\"wp-block-group\"><div class=\"wp-block-group__inner-container\"><div class=\"wp-block-group alignfull\"><div class=\"wp-block-group__inner-container\"><div class=\"wp-block-columns\"><div class=\"wp-block-column\" style=\"flex-basis:100%\"><h1 class=\"has-text-align-center has-huge-font-size\"> <span class=\"highlight\"><a href=\"https:\/\/vii-hkk-2022.hgd1952.hr\/index.php\/online-pristup\/\">Online pristup!<\/a> <\/span><\/h1>\n\n<h2 class=\"has-text-align-center has-large-font-size\"><strong>Hrvatsko geodetsko dru\u0161tvo<\/strong><\/h2>\n\n<h2 class=\"has-text-align-center has-medium-font-size\"><strong>u suradnji s <\/strong><\/h2>\n\n<h2 class=\"has-text-align-center has-medium-font-size\"><strong>Geodetskim fakultetom Sveu\u010dili\u0161ta u Zagrebu, Dr\u017eavnom geodetskom upravom i Hrvatskom komorom ovla\u0161tenih in\u017eenjera geodezije te pod pokroviteljstvom Me\u0111unarodne udruge geodeta organizira<\/strong><\/h2>\n\n<h3 class=\"has-text-align-center has-neve-link-color-color has-text-color\">Me\u0111unarodnu konferenciju<\/h3><\/div><\/div><\/div><\/div><\/div><\/div><div class=\"wp-block-cover has-background-dim\"><img loading=\"lazy\" width=\"1024\" height=\"576\" class=\"wp-block-cover__image-background wp-image-269\" alt=\"\" src=\"https:\/\/vii-hkk-2022.hgd1952.hr\/wp-content\/uploads\/2021\/10\/hotelpalace-1024x576.jpg\" data-object-fit=\"cover\" srcset=\"https:\/\/vii-hkk-2022.hgd1952.hr\/wp-content\/uploads\/2021\/10\/hotelpalace-1024x576.jpg 1024w, https:\/\/vii-hkk-2022.hgd1952.hr\/wp-content\/uploads\/2021\/10\/hotelpalace-300x169.jpg 300w, https:\/\/vii-hkk-2022.hgd1952.hr\/wp-content\/uploads\/2021\/10\/hotelpalace-768x432.jpg 768w, https:\/\/vii-hkk-2022.hgd1952.hr\/wp-content\/uploads\/2021\/10\/hotelpalace-1536x864.jpg 1536w, https:\/\/vii-hkk-2022.hgd1952.hr\/wp-content\/uploads\/2021\/10\/hotelpalace.jpg 1600w\" sizes=\"(max-width: 1024px) 100vw, 1024px\" \/><div class=\"wp-block-cover__inner-container\"><p class=\"has-nv-site-bg-color has-text-color has-medium-font-size\"><\/p>\n\n<p class=\"has-text-align-center\"><\/p>\n\n<h2 class=\"has-text-align-center has-nv-site-bg-color has-text-color\">VII. HRVATSKI KONGRES O KATASTRU i LADM 2022 RADIONICA<\/h2>\n\n<h2 class=\"has-text-align-center has-nv-site-bg-color has-text-color\">VII. HKK &amp; LADM 2022 me\u0111unarodna konferencija:<\/h2>\n\n<h3 class=\"has-text-align-center has-background\" style=\"background-color:#e31e24\">&#8220;<strong>Svrhovito upravljanje zemlji\u0161tem \u2013 podr\u0161ka odr\u017eivom razvoju<\/strong>&#8220;<\/h3><\/div><\/div><div class=\"wp-block-group\"><div class=\"wp-block-group__inner-container\"><div style=\"height:36px\" aria-hidden=\"true\" class=\"wp-block-spacer\"><\/div>\n\n<h1 class=\"has-text-align-center has-neve-link-color-color has-text-color\"><a href=\"https:\/\/vii-hkk-2022.hgd1952.hr\/index.php\/online-pristup\/\"><span class=\"highlight\">Online pristup!<\/span><\/a><\/h1>\n\n<blockquote class=\"wp-block-quote\"><p><span class=\"has-inline-color has-neve-link-color-color\"> <strong>* Kongres \u0107e se odr\u017eati u skladu s epidemiolo\u0161kim mjerama <a href=\"https:\/\/www.hzjz.hr\/\">HZJZ-a<\/a>. Iako ne o\u010dekujemo zna\u010dajna ograni\u010denja, molimo sve sudionike da provjere uvjete putovanja iz zemalja iz kojih dolaze.<\/strong><\/span><\/p><\/blockquote><\/div><\/div><h2 class=\"has-text-align-center\">Tko, gdje i kad?<\/h2><div class=\"wp-block-group\"><div class=\"wp-block-group__inner-container\"><div class=\"wp-block-columns are-vertically-aligned-center has-nv-site-bg-background-color has-background\"><div class=\"wp-block-column is-vertically-aligned-center\"><p class=\"has-text-align-left has-nv-dark-bg-color has-nv-site-bg-background-color has-text-color has-background has-medium-font-size\"><strong>Hrvatsko geodetsko dru\u0161tvo (FIG \u010dlan)<\/strong> u suradnji s <strong>Geodetskim fakultetom Sveu\u010dili\u0161ta u Zagrebu (FIG akademski \u010dlan)<\/strong>,  <strong>Dr\u017eavnom geodetskom upravom i Hrvatskom komorom ovla\u0161tenih in\u017eenjera geodezije (CLGE \u010dlan)<\/strong> te pod pokroviteljstvom <strong>Me\u0111unarodne udruge geodeta (FIG)<\/strong>, Komisija 7 \u2013 Katastar i upravljanje zemlji\u0161tem, organizira Me\u0111unarodnu konferenciju <strong>VII. hrvatski kongres o katastru i 10. FIG LADM 2022 radionicu: Svrhovito upravljanje zemlji\u0161tem \u2013 podr\u0161ka odr\u017eivom razvoju<\/strong>.<\/p><\/div>\n\n<div class=\"wp-block-column is-vertically-aligned-center has-nv-site-bg-background-color has-background\"><div class=\"wp-block-group has-nv-site-bg-background-color has-background\"><div class=\"wp-block-group__inner-container\"><p style=\"font-size:18px\"><strong>Konferencija \u0107e biti odr\u017eana po hibridnom modelu &#8211; u\u017eivo i na daljinu.<\/strong><\/p>\n\n<p style=\"font-size:18px\">Mjesto odr\u017eavanja u\u017eivo:<strong> Hotel Dubrovnik Palace, Dubrovnik, Hrvatska.<\/strong><\/p>\n\n<p style=\"font-size:18px\">Vrijeme odr\u017eavanja:<strong> 31. o\u017eujka do 2. travnja 2022.<\/strong><\/p><\/div><\/div>\n\n<p><\/p><\/div><\/div><\/div><\/div><div class=\"wp-block-buttons is-content-justification-center\"><div class=\"wp-block-button is-style-primary\"><a class=\"wp-block-button__link\" href=\"https:\/\/vii-hkk-2022.hgd1952.hr\/index.php\/registracija\/\" target=\"_blank\" rel=\"noreferrer noopener\">Registriraj se!<\/a><\/div><\/div><h2 class=\"has-text-align-center\">Pozvana predavanja<\/h2><div class=\"wp-block-columns has-nv-dark-bg-color has-nv-site-bg-background-color has-text-color has-background\"><div class=\"wp-block-column\"><div class=\"wp-block-image is-style-default\"><figure class=\"aligncenter size-large is-resized\"><img loading=\"lazy\" src=\"https:\/\/vii-hkk-2022.hgd1952.hr\/wp-content\/uploads\/2021\/10\/25626442_10214886660868116_8622260380114457415_o-edited.jpg\" alt=\"\" class=\"wp-image-433\" width=\"242\" height=\"322\" srcset=\"https:\/\/vii-hkk-2022.hgd1952.hr\/wp-content\/uploads\/2021\/10\/25626442_10214886660868116_8622260380114457415_o-edited.jpg 1024w, https:\/\/vii-hkk-2022.hgd1952.hr\/wp-content\/uploads\/2021\/10\/25626442_10214886660868116_8622260380114457415_o-edited-225x300.jpg 225w, https:\/\/vii-hkk-2022.hgd1952.hr\/wp-content\/uploads\/2021\/10\/25626442_10214886660868116_8622260380114457415_o-edited-768x1024.jpg 768w\" sizes=\"(max-width: 242px) 100vw, 242px\" \/><\/figure><\/div>\n\n<h3 class=\"has-text-align-center\">Christian Lemmen<\/h3>\n\n<p class=\"has-text-align-center\">Geodetic Advisor at Kadaster International, Director OICRF, Faculty of Geo-Information Science and Earth Observation of the University of Twente, Netherlands<\/p>\n\n<div style=\"height:30px\" aria-hidden=\"true\" class=\"wp-block-spacer\"><\/div><\/div>\n\n<div class=\"wp-block-column\"><div class=\"wp-block-image is-style-default\"><figure class=\"aligncenter size-full is-resized\"><img loading=\"lazy\" src=\"https:\/\/vii-hkk-2022.hgd1952.hr\/wp-content\/uploads\/2021\/10\/Bennett2-1-edited.gif\" alt=\"\" class=\"wp-image-446\" width=\"242\" height=\"325\"\/><\/figure><\/div>\n\n<h3 class=\"has-text-align-center\">Rohan Bennett<\/h3>\n\n<p class=\"has-text-align-center\">Faculty of Business and Law, Department of Business Technology and Entrepreneurship, Swinburne University, Melbourne, Australia<\/p>\n\n<div style=\"height:30px\" aria-hidden=\"true\" class=\"wp-block-spacer\"><\/div><\/div>\n\n<div class=\"wp-block-column\"><div class=\"wp-block-image\"><figure class=\"aligncenter size-full is-resized\"><img loading=\"lazy\" src=\"https:\/\/vii-hkk-2022.hgd1952.hr\/wp-content\/uploads\/2022\/02\/Untitled.jpg\" alt=\"\" class=\"wp-image-905\" width=\"242\" height=\"325\"\/><\/figure><\/div>\n\n<h3 class=\"has-text-align-center\">Eva-Maria Unger<\/h3>\n\n<p class=\"has-text-align-center\">Senior Geodetic Advisor at Kadaster International, The Hague Area, Netherlands<\/p><\/div><\/div><div style=\"height:25px\" aria-hidden=\"true\" class=\"wp-block-spacer\"><\/div><div class=\"wp-block-buttons is-content-justification-center\"><div class=\"wp-block-button is-style-primary\"><a class=\"wp-block-button__link\" href=\"https:\/\/vii-hkk-2022.hgd1952.hr\/index.php\/a5213-single-group\/\" target=\"_blank\" rel=\"noreferrer noopener\"><strong>Program kongresa<\/strong><\/a><\/div><\/div><h2 class=\"has-text-align-center\" id=\"datumi-teme\">VII. HKK rokovi!<\/h2><p><\/p><div class=\"wp-block-buttons\"><\/div><div class=\"wp-block-cover alignfull has-background-dim-60 has-background-dim has-parallax has-custom-content-position is-position-top-center\" style=\"background-image:url(https:\/\/vii-hkk-2022.hgd1952.hr\/wp-content\/uploads\/2021\/10\/dubrovnik.png);background-color:#000000;min-height:100vh\"><div class=\"wp-block-cover__inner-container\"><p class=\"has-text-align-center has-medium-font-size\"><strong>VII. hrvatski kongres o katastru<\/strong><\/p>\n\n<hr class=\"wp-block-separator has-text-color has-background has-nv-site-bg-background-color has-nv-site-bg-color\"\/>\n\n<div class=\"wp-block-columns alignwide\"><div class=\"wp-block-column\" style=\"flex-basis:60%\"><p class=\"has-medium-font-size\"><s><strong>7.studeni 2021.<\/strong> \u2013 Prijava sa\u017eetaka<\/s><\/p>\n\n<p class=\"has-medium-font-size\"><s><strong>14. studeni 2021.<\/strong> \u2013 Obavijest o prihva\u0107anju<\/s><\/p>\n\n<p class=\"has-medium-font-size\"><s><strong>26. prosinca 2021.<\/strong> \u2013 Dostava radova<\/s><\/p><\/div>\n\n<div class=\"wp-block-column\"><p class=\"has-medium-font-size\"><s><strong>23. sije\u010dnja 2022.<\/strong> \u2013 Obavijest o recenziji<\/s><\/p>\n\n<p class=\"has-medium-font-size\"><s><strong>13. velja\u010de 2022.<\/strong> \u2013 Dostava dora\u0111enih radova<\/s><\/p>\n\n<p class=\"has-medium-font-size\"><strong>11. o\u017eujka 2022.<\/strong> \u2013 Rana registracija<\/p>\n\n<p class=\"has-medium-font-size\"><strong>25. o\u017eujka 2022.<\/strong> \u2013 Rana registracija<\/p><\/div><\/div>\n\n<div class=\"wp-block-buttons alignfull is-content-justification-center\"><div class=\"wp-block-button has-custom-font-size is-style-primary has-medium-font-size\"><a class=\"wp-block-button__link\" href=\"https:\/\/easychair.org\/my\/conference?conf=viihkk2022#\"><s>Prijavi rad!<\/s><\/a><\/div><\/div>\n\n<p class=\"has-text-align-center has-nv-site-bg-color has-text-color has-medium-font-size\"><strong><a href=\"https:\/\/vii-hkk-2022.hgd1952.hr\/index.php\/predlosci\/\" data-type=\"URL\" data-id=\"https:\/\/vii-hkk-2022.hgd1952.hr\/index.php\/predlosci\/\" target=\"_blank\" rel=\"noreferrer noopener\">Preuzmi predlo\u0161ke<\/a><\/strong><\/p><\/div><\/div><h2 class=\"has-text-align-center\" id=\"teme\">Teme  VII. HKK kongresa:<\/h2><div class=\"wp-block-group alignfull has-nv-light-bg-background-color has-background\"><div class=\"wp-block-group__inner-container\"><div class=\"wp-block-columns alignwide are-vertically-aligned-center\"><div class=\"wp-block-column\" style=\"flex-basis:75%\"><hr class=\"wp-block-separator\"\/>\n\n<p class=\"has-text-align-left has-neve-link-color-color has-text-color has-medium-font-size\" style=\"line-height:1.1\"><strong>Teme VII. hrvatskog kongresa o katastru: &#8220;<strong>Svrhovito upravljanje zemlji\u0161tem \u2013 podr\u0161ka odr\u017eivom razvoju<\/strong>&#8220;<\/strong><\/p>\n\n<hr class=\"wp-block-separator\"\/><\/div><\/div>\n\n<div class=\"wp-block-columns alignwide\"><div class=\"wp-block-column\"><p class=\"has-medium-font-size\">Povijest i budu\u0107nost katastra<\/p>\n\n<p class=\"has-medium-font-size\">Infrastrukture upravljanja zemlji\u0161tem za pametne gradove<\/p>\n\n<p class=\"has-medium-font-size\">Vi\u0161edimenzionalni katastri (3D, 4D)<\/p>\n\n<p class=\"has-medium-font-size\">Ure\u0111enje zemlji\u0161ta, Komasacije<\/p>\n\n<p><\/p><\/div>\n\n<div class=\"wp-block-column is-vertically-aligned-center\"><p class=\"has-medium-font-size\">Odr\u017eive zemlji\u0161ne politike<\/p>\n\n<p class=\"has-medium-font-size\">Katastar i ciljevi odr\u017eivog razvoja<\/p>\n\n<p class=\"has-medium-font-size\">Primjena starih i novih tehnologija za potrebe uspostave i odr\u017eavanja katastra<\/p><\/div><\/div>\n\n<div style=\"height:40px\" aria-hidden=\"true\" class=\"wp-block-spacer\"><\/div><\/div><\/div><h2 class=\"has-text-align-center\">Teme 10. FIG LADM radionice:<\/h2><div class=\"wp-block-group alignfull has-nv-dark-bg-color has-nv-site-bg-background-color has-text-color has-background\"><div class=\"wp-block-group__inner-container\"><div class=\"wp-block-columns alignwide are-vertically-aligned-center\"><div class=\"wp-block-column\" style=\"flex-basis:75%\"><hr class=\"wp-block-separator\"\/>\n\n<p class=\"has-text-align-left has-neve-link-color-color has-text-color has-medium-font-size\" style=\"line-height:1.1\"><strong>Teme LADM radionice: Development of LADM Edition II<\/strong><\/p>\n\n<hr class=\"wp-block-separator\"\/><\/div><\/div>\n\n<div class=\"wp-block-columns alignwide\"><div class=\"wp-block-column\"><p class=\"has-medium-font-size\">Development of contents and New Working Item Proposals (NWIP) and Working Drafts (WD)<\/p>\n\n<p class=\"has-medium-font-size\">3D Surveys for 3D Land Administration. Better integration of 3D Land Administration in LADM and improved Survey functionality in LADM. <\/p><\/div>\n\n<div class=\"wp-block-column is-vertically-aligned-center\"><p class=\"has-medium-font-size\">Discussions on LADM links to \/ alignment with BIM\/IFC, LandInfra, ILMS and IPMS.<\/p><\/div><\/div>\n\n<div style=\"height:40px\" aria-hidden=\"true\" class=\"wp-block-spacer\"><\/div>\n\n<h1 class=\"has-text-align-center\"> <a href=\"https:\/\/vii-hkk-2022.hgd1952.hr\/index.php\/online-pristup\/\"><span class=\"highlight\">Online pristup!<\/span><\/a> <\/h1>\n\n<p class=\"has-text-align-center\">Vi\u0161e(va\u017eni datumi, prijava radova):<\/p>\n\n<p class=\"has-text-align-center\"><a href=\"http:\/\/isoladm.org\/LADM2022Workshop\">http:\/\/isoladm.org\/LADM2022Workshop<\/a><\/p><\/div><\/div><div class=\"wp-block-buttons is-content-justification-center\"><div class=\"wp-block-button is-style-primary\"><a class=\"wp-block-button__link\" href=\"https:\/\/vii-hkk-2022.hgd1952.hr\/index.php\/smjestaj\/\" target=\"_blank\" rel=\"noreferrer noopener\">Rezerviraj smje\u0161taj!<\/a><\/div><\/div><div class=\"wp-block-themeisle-blocks-advanced-columns alignfull has-1-columns has-desktop-equal-layout has-tablet-equal-layout has-mobile-equal-layout has-default-gap has-vertical-unset\" id=\"wp-block-themeisle-blocks-advanced-columns-f326b099\"><div class=\"wp-block-themeisle-blocks-advanced-columns-overlay\"><\/div><div class=\"innerblocks-wrap\"><div class=\"wp-block-themeisle-blocks-advanced-column\" id=\"wp-block-themeisle-blocks-advanced-column-2fb5b4c8\"><p class=\"has-text-align-center has-medium-font-size\"><strong>#VIIHKK2022<\/strong> \/ <strong>#LADM2022<\/strong><\/p>\n\n<span id=\"wp-block-themeisle-blocks-advanced-heading-35622ce5\" class=\"wp-block-themeisle-blocks-advanced-heading wp-block-themeisle-blocks-advanced-heading-35622ce5\"><strong> POTRA\u017dITE NAS NA SOCIJALNIM MRE\u017dAMA!<\/strong><\/span>\n\n<ul class=\"wp-block-social-links aligncenter\"><li class=\"wp-social-link wp-social-link-facebook wp-block-social-link\"><a href=\"https:\/\/www.facebook.com\/HGD1952\/\" aria-label=\"Facebook: https:\/\/www.facebook.com\/HGD1952\/\"  class=\"wp-block-social-link-anchor\"> <svg width=\"24\" height=\"24\" viewBox=\"0 0 24 24\" version=\"1.1\" xmlns=\"http:\/\/www.w3.org\/2000\/svg\" role=\"img\" aria-hidden=\"true\" focusable=\"false\"><path d=\"M12 2C6.5 2 2 6.5 2 12c0 5 3.7 9.1 8.4 9.9v-7H7.9V12h2.5V9.8c0-2.5 1.5-3.9 3.8-3.9 1.1 0 2.2.2 2.2.2v2.5h-1.3c-1.2 0-1.6.8-1.6 1.6V12h2.8l-.4 2.9h-2.3v7C18.3 21.1 22 17 22 12c0-5.5-4.5-10-10-10z\"><\/path><\/svg><\/a><\/li><\/ul><\/div><\/div><\/div><p><\/p>","protected":false},"excerpt":{"rendered":"<p>Online pristup! Hrvatsko geodetsko dru\u0161tvo u suradnji s Geodetskim fakultetom Sveu\u010dili\u0161ta u Zagrebu, Dr\u017eavnom geodetskom upravom i Hrvatskom komorom ovla\u0161tenih in\u017eenjera geodezije te pod pokroviteljstvom Me\u0111unarodne udruge geodeta organizira Me\u0111unarodnu konferenciju Online pristup! * Kongres \u0107e se odr\u017eati u skladu s epidemiolo\u0161kim mjerama HZJZ-a. Iako ne o\u010dekujemo zna\u010dajna ograni\u010denja, molimo sve sudionike da provjere uvjete&hellip;&nbsp;<a href=\"https:\/\/vii-hkk-2022.hgd1952.hr\/\" class=\"\" rel=\"bookmark\">Read More &raquo;<span class=\"screen-reader-text\">Po\u010detna<\/span><\/a><\/p>\n","protected":false},"author":1,"featured_media":0,"parent":0,"menu_order":0,"comment_status":"closed","ping_status":"closed","template":"page-templates\/template-pagebuilder-full-width.php","meta":{"neve_meta_sidebar":"full-width","neve_meta_container":"contained","neve_meta_enable_content_width":"on","neve_meta_content_width":68,"neve_meta_title_alignment":"","neve_meta_author_avatar":"","neve_post_elements_order":"","neve_meta_disable_header":"","neve_meta_disable_footer":"","neve_meta_disable_title":"","_ti_tpc_template_sync":false,"_ti_tpc_template_id":"dlmh1p34r19x5r3i5v3f"},"_links":{"self":[{"href":"https:\/\/vii-hkk-2022.hgd1952.hr\/index.php\/wp-json\/wp\/v2\/pages\/129"}],"collection":[{"href":"https:\/\/vii-hkk-2022.hgd1952.hr\/index.php\/wp-json\/wp\/v2\/pages"}],"about":[{"href":"https:\/\/vii-hkk-2022.hgd1952.hr\/index.php\/wp-json\/wp\/v2\/types\/page"}],"author":[{"embeddable":true,"href":"https:\/\/vii-hkk-2022.hgd1952.hr\/index.php\/wp-json\/wp\/v2\/users\/1"}],"replies":[{"embeddable":true,"href":"https:\/\/vii-hkk-2022.hgd1952.hr\/index.php\/wp-json\/wp\/v2\/comments?post=129"}],"version-history":[{"count":183,"href":"https:\/\/vii-hkk-2022.hgd1952.hr\/index.php\/wp-json\/wp\/v2\/pages\/129\/revisions"}],"predecessor-version":[{"id":1115,"href":"https:\/\/vii-hkk-2022.hgd1952.hr\/index.php\/wp-json\/wp\/v2\/pages\/129\/revisions\/1115"}],"wp:attachment":[{"href":"https:\/\/vii-hkk-2022.hgd1952.hr\/index.php\/wp-json\/wp\/v2\/media?parent=129"}],"curies":[{"name":"wp","href":"https:\/\/api.w.org\/{rel}","templated":true}]}}