{"id":1072,"date":"2022-03-17T11:54:09","date_gmt":"2022-03-17T11:54:09","guid":{"rendered":"https:\/\/vii-hkk-2022.hgd1952.hr\/?page_id=1072"},"modified":"2022-03-31T17:15:21","modified_gmt":"2022-03-31T17:15:21","slug":"online-pristup","status":"publish","type":"page","link":"https:\/\/vii-hkk-2022.hgd1952.hr\/index.php\/online-pristup\/","title":{"rendered":"Online pristup"},"content":{"rendered":"<p><\/p><h3 class=\"has-text-align-center\"><strong>(Konferencija po\u010dinje, 31. o\u017eujka 2022., 9:00 CEST, UTC +2).<\/strong><\/h3><div class=\"wp-block-buttons is-content-justification-center\"><div class=\"wp-block-button has-custom-width wp-block-button__width-100 has-custom-font-size has-huge-font-size\"><a class=\"wp-block-button__link has-nv-site-bg-color has-neve-link-color-background-color has-text-color has-background\" href=\"https:\/\/us02web.zoom.us\/j\/82614250463\"><strong>Pristup VII. HKK 2022 Zoom Webinaru!<\/strong><\/a><\/div><\/div><h3 class=\"has-text-align-center has-nv-dark-bg-color has-nv-light-bg-background-color has-text-color has-background\"><a href=\"https:\/\/youtu.be\/YVCcGA1Slzs\">Prati na HGD <img loading=\"lazy\" width=\"127\" height=\"29\" src=\"https:\/\/vii-hkk-2022.hgd1952.hr\/wp-content\/uploads\/2022\/03\/YouTube_Logo_2017.svg_.png\" alt=\"\" class=\"wp-image-1119\" srcset=\"https:\/\/vii-hkk-2022.hgd1952.hr\/wp-content\/uploads\/2022\/03\/YouTube_Logo_2017.svg_.png 508w, https:\/\/vii-hkk-2022.hgd1952.hr\/wp-content\/uploads\/2022\/03\/YouTube_Logo_2017.svg_-300x67.png 300w\" sizes=\"(max-width: 127px) 100vw, 127px\" \/> livestreamu!<\/a><\/h3><div class=\"wp-block-buttons is-content-justification-center\"><\/div><div class=\"wp-block-buttons\"><div class=\"wp-block-button has-custom-width wp-block-button__width-100 has-custom-font-size has-medium-font-size\"><a class=\"wp-block-button__link has-background\" href=\"https:\/\/us02web.zoom.us\/j\/83314348958\" style=\"background-color:#62a3bf\"> Otvori 10. FIG LADM 2022<br>radionicu Zoom <br>Webinar! <\/a><\/div><\/div><blockquote class=\"wp-block-quote\"><p><strong><span class=\"has-inline-color has-neve-link-color-color\">* Zoom Webinar sesija otvoriti \u0107e se u \u010detvrtak, 31. o\u017eujka u 8:00 sati kako bi korisnici mogli testirati kori\u0161tenje platforme i rije\u0161iti probleme sa pristupom. U slu\u010daju nemogu\u0107nosti pristupa webinaru ili youtube streamu, molim kontaktirajte nas mailom na hgd1952hr@gmail.com ili Zoom chatom, ako istom mo\u017eete pristupiti.<\/span><\/strong><\/p><\/blockquote><h2><span class=\"has-inline-color has-neve-link-color-color\">Upute za pra\u0107enje na daljinu:<\/span><\/h2><p>Konferencija \u0107e biti odr\u017eana u hibridnom modu, pra\u0107enje na daljinu omogu\u0107eno je kori\u0161tenjem Zoom Webinar platforme i streaminga na Youtube kanalu HGD-a.<\/p><p>Preduvjet za pra\u0107enje putem online platforme je  <a href=\"https:\/\/zoom.us\/download\">Zoom desktop klijent<\/a>&nbsp;(Windows\/macOS\/Linux),&nbsp;<a href=\"https:\/\/zoom.us\/download\">Zoom mobilna aplikacija<\/a>&nbsp;(Android\/iOS) ili web klijent. Za postizanje najbolje kvalitete slike i zvuka preporuka je kori\u0161tenje Zoom desktop aplikacije ili Youtube streaminga.<\/p><p><\/p><p><strong>Zoom Webinar korisni\u010dke kontrole:<\/strong><\/p><figure class=\"wp-block-image\"><img src=\"https:\/\/assets.zoom.us\/images\/en-us\/desktop\/generic\/webinar-attendee-controls.png\" alt=\"\"\/><\/figure><p><strong>Unmute &nbsp;<\/strong>\/&nbsp;<strong>Mute&nbsp;<\/strong>: Kori\u0161tenje mikrofona &#8211; uklju\u010divanje, odnosno isklju\u010divanje. Za pode\u0161avanje audio postavki koristite ikonu strelice&nbsp;<strong>^<\/strong> pokraj Unmute\/Mute tipke.<\/p><p><strong>Chat&nbsp;&nbsp;<\/strong>: otvaranje prozora za chat sa ostalim online sudionicima konferencije.<\/p><p><strong>Raise Hand&nbsp;<\/strong>: Podizanje ruke &#8211; prije postavljanja pitanja kori\u0161tenjem mikrofona. Potrebno je pri\u010dekati da Vam host omogu\u0107i kori\u0161tenje mikrofona.<\/p><p><strong>Question &amp; Answer&nbsp;<\/strong>:&nbsp;pitanja i odgovori, otvara prozor za postavljanje pitanja prezenteru.&nbsp;<\/p><h3 id=\"panelist\">Instrukcije za online prezentere:<\/h3><p>Prezenteri (u Zoom Webinar okru\u017eenju koristi se termin &#8220;panelisti&#8221;) moraju zadovoljiti iste preduvjete kao i &#8220;slu\u0161a\u010di&#8221;, odnosno sudionici ne-prezenteri.<\/p><p>Prije samoga skupa mailom \u0107ete dobiti link za online pristup. Molimo da taj link ne dijelite jer je namijenjen samo osobi kojoj je poslan. Ako imate porblema sa prijavom kori\u0161tenjem tog linka, mo\u017eete pristupiti online okru\u017eenju kori\u0161tenjem linka za sve sudionike te se javiti voditelju sesije kako bi Vam dodao prava prezentera (panelista).<\/p><blockquote class=\"wp-block-quote\"><p><span class=\"has-inline-color has-neve-link-color-color\"><strong>*&nbsp;Molimo online prezentere da se prijave kori\u0161tenjem linka iz maila minimalno pola sata prije po\u010detka sesije kako bi se stiglu upoznati sa korisni\u010dkim su\u010deljem i testirati njegove mogu\u0107nosti (prije svega, isprobati mikrofon, kameru i dijeljenje sadr\u017eaja zaslona).  <\/strong><\/span><\/p><p><span class=\"has-inline-color has-neve-link-color-color\"><strong>Ako imate problema sa pristupom ili kori\u0161tenjem okru\u017eenja, molim da nas kontaktirate mailom <strong>(hgd1952hr@gmail.com)<\/strong><\/strong> <strong>ili Zoom chatom, ako istom mo\u017eete pristupiti.<\/strong><\/span><\/p><\/blockquote><p><strong>Zoom Webinar kontrole za prezentere:<\/strong><\/p><figure class=\"wp-block-image\"><img src=\"https:\/\/ccctechconnect.zendesk.com\/hc\/article_attachments\/4403323690651\/Screen_Shot_2021-07-08_at_3.15.51_PM.png\" alt=\"Screen_Shot_2021-07-08_at_3.15.51_PM.png\"\/><\/figure><ul><li><span class=\"highlight\"><strong>Mute\/Unmute:&nbsp;<\/strong>Kori\u0161tenje mikrofona &#8211; uklju\u010divanje, odnosno isklju\u010divanje. Za pode\u0161avanje audio postavki koristite ikonu strelice&nbsp;<strong>^<\/strong> pokraj Unmute\/Mute tipke.<\/span><\/li><li><span class=\"highlight\"><strong>Start\/Stop Video:&nbsp;<\/strong>uklju\u010divanje i ga\u0161enje kamere. Ikona strelice&nbsp;<strong>^<\/strong> pokraj Start\/Stop Video tipke omogu\u0107ava otvaranje izbornika za odabir kamere (ako imate vi\u0161e kamera) ili pode\u0161avanje opcija pozadine.<\/span><\/li><li><span class=\"highlight\"><strong>Share Screen:&nbsp;<\/strong>Dijeljenje sadr\u017eaja zaslona, mo\u017eete odabrati \u017eelite li podijeliti sadr\u017eaj zaslona ili aplikaciju.<\/span><\/li><li><strong>Chat:&nbsp;<\/strong>pristup prozoru za chat sa ostalim sudionicima ili voditeljem sesije.&nbsp;<a href=\"https:\/\/support.zoom.us\/hc\/en-us\/articles\/205761999-Webinar-Chat\"><\/a><\/li><li><strong>Leave:&nbsp;<\/strong>izlaz iz webinara.<\/li><\/ul><p>While in screen sharing, the controls will appear in a moveable bar. It is typically at the top of your screen, but you can drag it around as needed.&nbsp;<\/p><p>Prilikom dijeljenja ekrana kontrole se pojavljuju u pomi\u010dnom prozoru koji je uobi\u010dajeno smje\u0161ten na vrhu prozora.<\/p><figure class=\"wp-block-image\"><img src=\"https:\/\/ccctechconnect.zendesk.com\/hc\/article_attachments\/360026293373\/mceclip3.png\" alt=\"\"\/><\/figure><p><strong>Stop share:&nbsp;<\/strong>Prestanak dijeljenja sadr\u017eaja ekrana.<\/p>","protected":false},"excerpt":{"rendered":"<p>(Konferencija po\u010dinje, 31. o\u017eujka 2022., 9:00 CEST, UTC +2). Prati na HGD livestreamu! * Zoom Webinar sesija otvoriti \u0107e se u \u010detvrtak, 31. o\u017eujka u 8:00 sati kako bi korisnici mogli testirati kori\u0161tenje platforme i rije\u0161iti probleme sa pristupom. U slu\u010daju nemogu\u0107nosti pristupa webinaru ili youtube streamu, molim kontaktirajte nas mailom na hgd1952hr@gmail.com ili Zoom&hellip;&nbsp;<a href=\"https:\/\/vii-hkk-2022.hgd1952.hr\/index.php\/online-pristup\/\" class=\"\" rel=\"bookmark\">Read More &raquo;<span class=\"screen-reader-text\">Online pristup<\/span><\/a><\/p>\n","protected":false},"author":2,"featured_media":0,"parent":0,"menu_order":0,"comment_status":"closed","ping_status":"closed","template":"","meta":{"neve_meta_sidebar":"","neve_meta_container":"","neve_meta_enable_content_width":"","neve_meta_content_width":0,"neve_meta_title_alignment":"","neve_meta_author_avatar":"","neve_post_elements_order":"","neve_meta_disable_header":"","neve_meta_disable_footer":"","neve_meta_disable_title":"","_ti_tpc_template_sync":false,"_ti_tpc_template_id":""},"_links":{"self":[{"href":"https:\/\/vii-hkk-2022.hgd1952.hr\/index.php\/wp-json\/wp\/v2\/pages\/1072"}],"collection":[{"href":"https:\/\/vii-hkk-2022.hgd1952.hr\/index.php\/wp-json\/wp\/v2\/pages"}],"about":[{"href":"https:\/\/vii-hkk-2022.hgd1952.hr\/index.php\/wp-json\/wp\/v2\/types\/page"}],"author":[{"embeddable":true,"href":"https:\/\/vii-hkk-2022.hgd1952.hr\/index.php\/wp-json\/wp\/v2\/users\/2"}],"replies":[{"embeddable":true,"href":"https:\/\/vii-hkk-2022.hgd1952.hr\/index.php\/wp-json\/wp\/v2\/comments?post=1072"}],"version-history":[{"count":36,"href":"https:\/\/vii-hkk-2022.hgd1952.hr\/index.php\/wp-json\/wp\/v2\/pages\/1072\/revisions"}],"predecessor-version":[{"id":1134,"href":"https:\/\/vii-hkk-2022.hgd1952.hr\/index.php\/wp-json\/wp\/v2\/pages\/1072\/revisions\/1134"}],"wp:attachment":[{"href":"https:\/\/vii-hkk-2022.hgd1952.hr\/index.php\/wp-json\/wp\/v2\/media?parent=1072"}],"curies":[{"name":"wp","href":"https:\/\/api.w.org\/{rel}","templated":true}]}}